{"id":13576,"date":"2026-02-12T08:21:49","date_gmt":"2026-02-12T07:21:49","guid":{"rendered":"https:\/\/mswatches.pl\/?post_type=product&#038;p=13576"},"modified":"2026-02-12T08:24:15","modified_gmt":"2026-02-12T07:24:15","slug":"zegarek-cartier-tank-must-xl-36mm-sku-wsta0040","status":"publish","type":"product","link":"https:\/\/mswatches.pl\/en\/product\/zegarek-cartier-tank-must-xl-36mm-sku-wsta0040\/","title":{"rendered":"Cartier Tank Must XL"},"content":{"rendered":"<p data-start=\"0\" data-end=\"290\"><strong>Cartier Tank Must XL WSTA0040<\/strong> to ponadczasowa ikona elegancji, kt\u00f3ra od lat niezmiennie zachwyca mi\u0142o\u015bnik\u00f3w klasycznego wzornictwa. Prostok\u0105tna koperta o wymiarach 33,7 x 25,5 mm wykonana ze stali szlachetnej idealnie oddaje minimalistyczny i wyrafinowany styl, z kt\u00f3rego s\u0142ynie marka Cartier. <\/p>\n<p data-start=\"292\" data-end=\"617\">The silvery-white dial, with its distinctive Roman numeral indexes and subtle, rail-track-style minute track, pays homage to the traditions of Parisian watchmaking. Blue sword-shaped hands and a crown adorned with a deep blue synthetic spinel accentuate the luxurious character of this model. <\/p>\n<p data-start=\"619\" data-end=\"844\">At the heart of the watch is a precise quartz movement, guaranteeing reliable operation and comfortable everyday wear. The watch is complemented by an elegant navy blue calfskin strap, perfectly complementing the color scheme of the details. <\/p>\n<p data-start=\"846\" data-end=\"1048\" data-is-last-node=\"\" data-is-only-node=\"\">The Cartier Tank Must is the perfect choice for those who value subtlety, prestige, and timeless design. It&#8217;s perfect for both everyday styling and elegant occasions. <\/p>\n","protected":false},"excerpt":{"rendered":"<p>Cartier Tank Must XL WSTA0040 to ponadczasowa ikona elegancji, kt\u00f3ra od lat niezmiennie zachwyca mi\u0142o\u015bnik\u00f3w klasycznego wzornictwa. Prostok\u0105tna koperta o wymiarach 33,7 x 25,5 mm wykonana ze stali szlachetnej idealnie oddaje minimalistyczny i wyrafinowany styl, z kt\u00f3rego s\u0142ynie marka Cartier. The silvery-white dial, with its distinctive Roman numeral indexes and subtle, rail-track-style minute track, pays [&hellip;]<\/p>\n","protected":false},"featured_media":11072,"template":"","meta":{"iawp_total_views":10},"product_brand":[],"product_cat":[121,119],"product_tag":[],"class_list":{"0":"post-13576","1":"product","2":"type-product","3":"status-publish","4":"has-post-thumbnail","6":"product_cat-cartier","7":"product_cat-watches","9":"first","10":"instock","11":"sold-individually","12":"shipping-taxable","13":"purchasable","14":"product-type-simple"},"_links":{"self":[{"href":"https:\/\/mswatches.pl\/en\/wp-json\/wp\/v2\/product\/13576","targetHints":{"allow":["GET"]}}],"collection":[{"href":"https:\/\/mswatches.pl\/en\/wp-json\/wp\/v2\/product"}],"about":[{"href":"https:\/\/mswatches.pl\/en\/wp-json\/wp\/v2\/types\/product"}],"wp:featuredmedia":[{"embeddable":true,"href":"https:\/\/mswatches.pl\/en\/wp-json\/wp\/v2\/media\/11072"}],"wp:attachment":[{"href":"https:\/\/mswatches.pl\/en\/wp-json\/wp\/v2\/media?parent=13576"}],"wp:term":[{"taxonomy":"product_brand","embeddable":true,"href":"https:\/\/mswatches.pl\/en\/wp-json\/wp\/v2\/product_brand?post=13576"},{"taxonomy":"product_cat","embeddable":true,"href":"https:\/\/mswatches.pl\/en\/wp-json\/wp\/v2\/product_cat?post=13576"},{"taxonomy":"product_tag","embeddable":true,"href":"https:\/\/mswatches.pl\/en\/wp-json\/wp\/v2\/product_tag?post=13576"}],"curies":[{"name":"wp","href":"https:\/\/api.w.org\/{rel}","templated":true}]}}