{"id":14338,"date":"2026-03-23T12:01:06","date_gmt":"2026-03-23T11:01:06","guid":{"rendered":"https:\/\/mswatches.pl\/?post_type=product&#038;p=14338"},"modified":"2026-05-04T09:47:14","modified_gmt":"2026-05-04T07:47:14","slug":"watch-omega-seamaster-diver-300m-james-bond-no-time-to-die-42mm-sku-210-90-42-20-01-001-2","status":"sold","type":"product","link":"https:\/\/mswatches.pl\/en\/product\/watch-omega-seamaster-diver-300m-james-bond-no-time-to-die-42mm-sku-210-90-42-20-01-001-2\/","title":{"rendered":"Omega Seamaster Diver 300M James Bond No Time To Die"},"content":{"rendered":"<p data-start=\"42\" data-end=\"591\"><strong data-start=\"42\" data-end=\"118\">The Omega Seamaster Diver 300M James Bond No Time To Die 210.90.42.20.01.001<\/strong> is a unique interpretation of the iconic diving watch, created in collaboration with actor <span class=\"hover:entity-accent entity-underline inline cursor-pointer align-baseline\"><span class=\"whitespace-normal\">Daniel Craig<\/span><\/span> and the team behind the <span class=\"hover:entity-accent entity-underline inline cursor-pointer align-baseline\"><span class=\"whitespace-normal\">film No Time to Die<\/span><\/span>. This model combines military aesthetics, modern materials and advanced watchmaking technology, paying homage to the legacy of the <span class=\"hover:entity-accent entity-underline inline cursor-pointer align-baseline\"><span class=\"whitespace-normal\">James Bond film series<\/span><\/span> and <span class=\"hover:entity-accent entity-underline inline cursor-pointer align-baseline\"><span class=\"whitespace-normal\">Omega&#8217;s<\/span><\/span> long-standing collaboration with Agent 007. <\/p>\n<p data-start=\"593\" data-end=\"1192\">The 42 mm case is made of lightweight yet extremely durable Grade 2 titanium. This material provides high corrosion resistance and exceptional wearing comfort thanks to its low weight and distinctive matte finish.<br data-start=\"850\" data-end=\"853\">The satin surface emphasizes the military character of the model, and the aluminum bezel with a bronze-tone ring and diving scale adds a subtle, vintage touch to the whole. Water resistance up to 300 m confirms the professional diving DNA of the <span class=\"hover:entity-accent entity-underline inline cursor-pointer align-baseline\"><span class=\"whitespace-normal\">Omega Seamaster Diver 300M<\/span><\/span> collection, guaranteeing reliability in demanding conditions.  <\/p>\n<p data-start=\"1194\" data-end=\"1793\">Tarcza w odcieniu tropikalnej czerni zosta\u0142a wykonana z aluminium i utrzymana w stylu inspirowanym zegarkami wojskowymi z po\u0142owy XX wieku.<br data-start=\"1332\" data-end=\"1335\">Du\u017ce indeksy godzinowe oraz wskaz\u00f3wki wype\u0142nione be\u017cow\u0105 mas\u0105 luminescencyjn\u0105 Super-LumiNova zapewniaj\u0105 doskona\u0142\u0105 czytelno\u015b\u0107 zar\u00f3wno w dzie\u0144, jak i w ciemno\u015bci. Subtelna patyna stylistycznie nawi\u0105zuje do historycznych modeli nurkowych marki, tworz\u0105c sp\u00f3jn\u0105 kompozycj\u0119 o wyra\u017anie vintage\u2019owym charakterze. Na godzinie 6 znajduje si\u0119 symbol \u201ebroad arrow\u201d, historyczne oznaczenie brytyjskiego sprz\u0119tu wojskowego, podkre\u015blaj\u0105ce inspiracj\u0119 militarnym wyposa\u017ceniem.  <\/p>\n<p data-start=\"1795\" data-end=\"2292\">The heart of the watch is the 8806 calibre \u2013 an automatic movement with Co-Axial escapement, operating at a frequency of 3.5 Hz (25,200 oscillations\/h). The movement is Master Chronometer certified, awarded by <span class=\"hover:entity-accent entity-underline inline cursor-pointer align-baseline\"><span class=\"whitespace-normal\">METAS<\/span><\/span>, which confirms its exceptional precision, resistance to magnetic fields up to 15,000 gauss and high reliability. The power reserve is about 55 hours, ensuring stable and precise operation of the mechanism in all conditions.  <\/p>\n<p data-start=\"2294\" data-end=\"2756\">The model is mounted on a characteristic, brushed mesh bracelet made of titanium, which gives the watch a technical, tool-like character and ensures high comfort of use. The whole thing is complemented by a solid buckle with adjustment, allowing for a precise fit to the wrist. The case back features military markings inspired by authentic watches issued to the British Armed Forces, further enhancing the authenticity of the design.  <\/p>\n<p data-start=\"2758\" data-end=\"3097\" data-is-last-node=\"\" data-is-only-node=\"\">Omega Seamaster Diver 300M James Bond No Time To Die 210.90.42.20.01.001 is a watch for people who value a combination of modern technology, military aesthetics and film legend. It will be perfect as a distinctive element of styling &#8211; both in an everyday, sporty edition and in a more refined smart casual look. <\/p>\n","protected":false},"excerpt":{"rendered":"<p>The Omega Seamaster Diver 300M James Bond No Time To Die 210.90.42.20.01.001 is a unique interpretation of the iconic diving watch, created in collaboration with actor Daniel Craig and the team behind the film No Time to Die. This model combines military aesthetics, modern materials and advanced watchmaking technology, paying homage to the legacy of [&hellip;]<\/p>\n","protected":false},"featured_media":13965,"template":"","meta":{"iawp_total_views":464},"product_brand":[],"product_cat":[125,119],"product_tag":[],"class_list":{"0":"post-14338","1":"product","2":"type-product","3":"status-sold","4":"has-post-thumbnail","6":"product_cat-omega","7":"product_cat-watches","9":"first","10":"outofstock","11":"sold-individually","12":"shipping-taxable","13":"product-type-simple"},"_links":{"self":[{"href":"https:\/\/mswatches.pl\/en\/wp-json\/wp\/v2\/product\/14338","targetHints":{"allow":["GET"]}}],"collection":[{"href":"https:\/\/mswatches.pl\/en\/wp-json\/wp\/v2\/product"}],"about":[{"href":"https:\/\/mswatches.pl\/en\/wp-json\/wp\/v2\/types\/product"}],"wp:featuredmedia":[{"embeddable":true,"href":"https:\/\/mswatches.pl\/en\/wp-json\/wp\/v2\/media\/13965"}],"wp:attachment":[{"href":"https:\/\/mswatches.pl\/en\/wp-json\/wp\/v2\/media?parent=14338"}],"wp:term":[{"taxonomy":"product_brand","embeddable":true,"href":"https:\/\/mswatches.pl\/en\/wp-json\/wp\/v2\/product_brand?post=14338"},{"taxonomy":"product_cat","embeddable":true,"href":"https:\/\/mswatches.pl\/en\/wp-json\/wp\/v2\/product_cat?post=14338"},{"taxonomy":"product_tag","embeddable":true,"href":"https:\/\/mswatches.pl\/en\/wp-json\/wp\/v2\/product_tag?post=14338"}],"curies":[{"name":"wp","href":"https:\/\/api.w.org\/{rel}","templated":true}]}}