{"id":14943,"date":"2025-12-18T13:31:52","date_gmt":"2025-12-18T12:31:52","guid":{"rendered":"https:\/\/mswatches.pl\/produkt\/watch-zenith-chronomaster-sport-41mm-sku-03-3100-3600-21-r951\/"},"modified":"2026-04-22T11:21:37","modified_gmt":"2026-04-22T09:21:37","slug":"watch-zenith-chronomaster-sport-41mm-sku-03-3100-3600-21-r951","status":"sold","type":"product","link":"https:\/\/mswatches.pl\/en\/product\/watch-zenith-chronomaster-sport-41mm-sku-03-3100-3600-21-r951\/","title":{"rendered":"Zenith Chronomaster Sport"},"content":{"rendered":"<p data-start=\"162\" data-end=\"619\"><strong data-start=\"162\" data-end=\"212\">The Zenith Chronomaster Sport 03.3100.3600\/21.R951<\/strong> is the embodiment of dynamic elegance, watchmaking precision and an unbridled passion for perfect chronography. This model is no ordinary timepiece \u2014 it is a manifesto of an active lifestyle, self-confidence and the spirit of a fearless adventurer. Chronomaster Sport is the choice of a man who does not follow the crowd, but sets his own pace and is not afraid to measure time with absolute accuracy.<\/p>\n<p data-start=\"621\" data-end=\"1023\">It is a watch for a leader, creator and visionary \u2013 someone who sees beauty in the harmony of movement, finesse of mechanism and the perfect symbiosis of form and function. The case with a decisive diameter of 41 mm is made of stainless steel \u2013 a material that combines durability with timeless elegance. The proportions of the watch are perfectly balanced, and its silhouette exudes confidence and stylistic clarity.<\/p>\n<p data-start=\"1025\" data-end=\"1545\">At the front, every detail is well thought out. The wrist-paced dial pulsates with three distinctive totalizers in contrasting shades \u2013 the hallmark of the Chronomaster collection. It&#8217;s an aesthetic that has defined legendary ZENITH chronographs for years: dynamic but not flashy; Sophisticated, and at the same time absolutely legible. The indices and hands are covered with a luminescent mass that remains visible in changing light for a long time, emphasizing both the functionality and sporty character of the watch.<\/p>\n<p data-start=\"1547\" data-end=\"2009\">The centerpiece of this model is the <strong data-start=\"1597\" data-end=\"1616\">movement \u2014 El Primero 3600<\/strong>. This is not an ordinary copy, but one of the most perfect automatic chronographic designs ever created. Its work is a rhythm of mastery: a balance beating at a frequency of 5 Hz (36,000 A\/h), capable of measuring time with precision down to 1\/10th of a second. It&#8217;s the mechanical definition of speed, stability, and reliability\u2014for those who want full control over every second.<\/p>\n<p data-start=\"2011\" data-end=\"2276\">Chronomaster Sport posiada skal\u0119 tachymetru na stalowym pier\u015bcieniu, co czyni go doskona\u0142ym towarzyszem zar\u00f3wno w codziennym \u017cyciu, jak i podczas sportowych zmaga\u0144 \u2014 wy\u015bcigu, treningu czy podr\u00f3\u017cy. To zegarek, kt\u00f3ry mierzy nie tylko czas, ale i tempo Twoich dzia\u0142a\u0144.<\/p>\n<p data-start=\"2278\" data-end=\"2512\">The whole is topped off by a sturdy rubber strap with a butterfly closure \u2013 sophisticated yet resistant to everyday challenges. It&#8217;s a strap that provides comfort, style, and durability, effortlessly adapting to the rhythm of your life.<\/p>\n<p data-start=\"2514\" data-end=\"2912\">The Zenith Chronomaster Sport 03.3100.3600\/21.R951 is a timepiece for those who understand that time is a value \u2014 and that capturing it precisely is an art. It is the choice of a man aware of his path, who appreciates the perfection of the mechanism, the harmony of form and the spirit of sports passion. It is a watch for a man who not only measures time, but lives it \u2013 with determination, energy and absolute style.<\/p>\n","protected":false},"excerpt":{"rendered":"<p>The Zenith Chronomaster Sport 03.3100.3600\/21.R951 is the embodiment of dynamic elegance, watchmaking precision and an unbridled passion for perfect chronography. This model is no ordinary timepiece \u2014 it is a manifesto of an active lifestyle, self-confidence and the spirit of a fearless adventurer. Chronomaster Sport is the choice of a man who does not follow [&hellip;]<\/p>\n","protected":false},"featured_media":12050,"template":"","meta":{"iawp_total_views":153},"product_brand":[],"product_cat":[119,150],"product_tag":[],"class_list":{"0":"post-14943","1":"product","2":"type-product","3":"status-sold","4":"has-post-thumbnail","6":"product_cat-watches","7":"product_cat-zenith","9":"first","10":"outofstock","11":"sold-individually","12":"shipping-taxable","13":"product-type-simple"},"_links":{"self":[{"href":"https:\/\/mswatches.pl\/en\/wp-json\/wp\/v2\/product\/14943","targetHints":{"allow":["GET"]}}],"collection":[{"href":"https:\/\/mswatches.pl\/en\/wp-json\/wp\/v2\/product"}],"about":[{"href":"https:\/\/mswatches.pl\/en\/wp-json\/wp\/v2\/types\/product"}],"wp:featuredmedia":[{"embeddable":true,"href":"https:\/\/mswatches.pl\/en\/wp-json\/wp\/v2\/media\/12050"}],"wp:attachment":[{"href":"https:\/\/mswatches.pl\/en\/wp-json\/wp\/v2\/media?parent=14943"}],"wp:term":[{"taxonomy":"product_brand","embeddable":true,"href":"https:\/\/mswatches.pl\/en\/wp-json\/wp\/v2\/product_brand?post=14943"},{"taxonomy":"product_cat","embeddable":true,"href":"https:\/\/mswatches.pl\/en\/wp-json\/wp\/v2\/product_cat?post=14943"},{"taxonomy":"product_tag","embeddable":true,"href":"https:\/\/mswatches.pl\/en\/wp-json\/wp\/v2\/product_tag?post=14943"}],"curies":[{"name":"wp","href":"https:\/\/api.w.org\/{rel}","templated":true}]}}