{"id":9600,"date":"2025-11-02T07:46:38","date_gmt":"2025-11-02T06:46:38","guid":{"rendered":"https:\/\/mswatches.pl\/?post_type=product&#038;p=9600"},"modified":"2026-03-28T16:10:39","modified_gmt":"2026-03-28T15:10:39","slug":"zegarek-rado-coupole-classic-lady-diamonds-automatic-s-31-8mm-sku-r22875702","status":"sold","type":"product","link":"https:\/\/mswatches.pl\/en\/product\/zegarek-rado-coupole-classic-lady-diamonds-automatic-s-31-8mm-sku-r22875702\/","title":{"rendered":"Rado Coupole Classic Lady Diamonds Automatic S"},"content":{"rendered":"<p data-start=\"288\" data-end=\"529\"><strong data-start=\"388\" data-end=\"450\">Rado Coupole Classic Lady Diamonds Automatic S R22875702<\/strong>\u00a0to doskona\u0142y wyb\u00f3r dla kobiet ceni\u0105cych presti\u017c, styl i szwajcarsk\u0105 precyzj\u0119. Ten damski zegarek automatyczny Rado wyr\u00f3\u017cnia si\u0119 kopert\u0105 i bransolet\u0105 ze stali szlachetnej oraz tarcz\u0105 z masy per\u0142owej ozdobion\u0105 12 autentycznymi diamentami Top Wesselton (ok. 0,030 ct). Niezwykle trwa\u0142e szafirowe szk\u0142o z pow\u0142ok\u0105 antyrefleksyjn\u0105 chroni tarcz\u0119 przed zarysowaniami i gwarantuje idealn\u0105 czytelno\u015b\u0107. Dzi\u0119ki mechanizmowi automatycznemu nie musisz pami\u0119ta\u0107 o wymianie baterii \u2013 zegarek nap\u0119dzany jest ruchem Twojego nadgarstka. Wodoszczelno\u015b\u0107 do 50 m (5 ATM) sprawia, \u017ce model ten sprawdzi si\u0119 tak\u017ce w codziennym u\u017cytkowaniu.<\/p>\n","protected":false},"excerpt":{"rendered":"<p>Rado Coupole Classic Lady Diamonds Automatic S R22875702\u00a0to doskona\u0142y wyb\u00f3r dla kobiet ceni\u0105cych presti\u017c, styl i szwajcarsk\u0105 precyzj\u0119. Ten damski zegarek automatyczny Rado wyr\u00f3\u017cnia si\u0119 kopert\u0105 i bransolet\u0105 ze stali szlachetnej oraz tarcz\u0105 z masy per\u0142owej ozdobion\u0105 12 autentycznymi diamentami Top Wesselton (ok. 0,030 ct). Niezwykle trwa\u0142e szafirowe szk\u0142o z pow\u0142ok\u0105 antyrefleksyjn\u0105 chroni tarcz\u0119 przed [&hellip;]<\/p>\n","protected":false},"featured_media":7949,"template":"","meta":{"iawp_total_views":128},"product_brand":[],"product_cat":[31,93],"product_tag":[],"class_list":{"0":"post-9600","1":"product","2":"type-product","3":"status-sold","4":"has-post-thumbnail","6":"product_cat-zegarki","7":"product_cat-rado","9":"first","10":"outofstock","11":"sold-individually","12":"shipping-taxable","13":"product-type-simple"},"_links":{"self":[{"href":"https:\/\/mswatches.pl\/en\/wp-json\/wp\/v2\/product\/9600","targetHints":{"allow":["GET"]}}],"collection":[{"href":"https:\/\/mswatches.pl\/en\/wp-json\/wp\/v2\/product"}],"about":[{"href":"https:\/\/mswatches.pl\/en\/wp-json\/wp\/v2\/types\/product"}],"wp:featuredmedia":[{"embeddable":true,"href":"https:\/\/mswatches.pl\/en\/wp-json\/wp\/v2\/media\/7949"}],"wp:attachment":[{"href":"https:\/\/mswatches.pl\/en\/wp-json\/wp\/v2\/media?parent=9600"}],"wp:term":[{"taxonomy":"product_brand","embeddable":true,"href":"https:\/\/mswatches.pl\/en\/wp-json\/wp\/v2\/product_brand?post=9600"},{"taxonomy":"product_cat","embeddable":true,"href":"https:\/\/mswatches.pl\/en\/wp-json\/wp\/v2\/product_cat?post=9600"},{"taxonomy":"product_tag","embeddable":true,"href":"https:\/\/mswatches.pl\/en\/wp-json\/wp\/v2\/product_tag?post=9600"}],"curies":[{"name":"wp","href":"https:\/\/api.w.org\/{rel}","templated":true}]}}